{"id":5877,"date":"2021-01-28T19:49:49","date_gmt":"2021-01-28T19:49:49","guid":{"rendered":"https:\/\/www.gauldesign.com\/carbahealth\/?page_id=5877"},"modified":"2021-01-29T02:46:39","modified_gmt":"2021-01-29T02:46:39","slug":"blog","status":"publish","type":"page","link":"https:\/\/www.gauldesign.com\/carbahealth\/blog\/","title":{"rendered":"Revista Digital"},"content":{"rendered":"<div  class=\"tatsu-hUCZmGDFj tatsu-section  tatsu-section-custom-height tatsu-bg-overlay   tatsu-clearfix\" data-title=\"\"  data-headerscheme=\"background--dark\"><div class = \"tatsu-custom-height-wrap\"><div class='tatsu-section-pad clearfix' data-padding='{\"d\":\"100px 0px 100px 0px\"}' data-padding-top='100px'><div class=\"tatsu-row-wrap  tatsu-wrap tatsu-row-one-col tatsu-row-has-one-cols tatsu-medium-gutter tatsu-reg-cols  tatsu-clearfix tatsu-fslbxNYcEX\" ><div  class=\"tatsu-row \" ><div  class=\"tatsu-column  tatsu-column-no-bg tatsu-one-col tatsu-column-image-none tatsu-column-effect-none  tatsu-qcKsH2US_V\"  data-parallax-speed=\"0\" style=\"\"><div class=\"tatsu-column-inner \" ><div class=\"tatsu-column-pad-wrap\"><div class=\"tatsu-column-pad\" ><div  class=\"tatsu-module tatsu-inline-text clearfix tatsu-wrjcMZaTK0   \" ><style>.tatsu-wrjcMZaTK0 .tatsu-inline-text-inner{width: 100%;text-align: left;}.tatsu-wrjcMZaTK0.tatsu-inline-text{margin: 0px 0px 25px 0px ;}<\/style><div class=\"tatsu-inline-text-inner tatsu-align-center\">\n<h2 style=\"text-align: center;\"><span style=\"color: #ffffff;\">REVISTA DIGITAL DE NUTRICI\u00d3N Y FITNESS<\/span><\/h2>\n<\/div><\/div><\/div><\/div><div class = \"tatsu-column-bg-image-wrap\"><div class = \"tatsu-column-bg-image tatsu-bg-lazyload\" data-src = \"\"><\/div><\/div><\/div><style>.tatsu-row > .tatsu-qcKsH2US_V.tatsu-column{width: 100%;}.tatsu-qcKsH2US_V.tatsu-column > .tatsu-column-inner > .tatsu-column-overlay{mix-blend-mode: none;}.tatsu-qcKsH2US_V > .tatsu-column-inner > .tatsu-top-divider{z-index: 9999;}.tatsu-qcKsH2US_V > .tatsu-column-inner > .tatsu-bottom-divider{z-index: 9999;}.tatsu-qcKsH2US_V > .tatsu-column-inner > .tatsu-left-divider{z-index: 9999;}.tatsu-qcKsH2US_V > .tatsu-column-inner > .tatsu-right-divider{z-index: 9999;}<\/style><\/div><\/div><\/div><\/div><div class=\"tatsu-section-background-wrap\"><div class = \"tatsu-section-background tatsu-bg-lazyload\" data-src = \"\"><\/div><\/div><div class=\"tatsu-overlay tatsu-section-overlay\"><\/div><\/div><style>.tatsu-hUCZmGDFj.tatsu-section{background-color: rgba(0,127,139,1);}.tatsu-hUCZmGDFj .tatsu-section-pad{padding: 100px 0px 100px 0px;}.tatsu-hUCZmGDFj > .tatsu-bottom-divider{z-index: 9999;}.tatsu-hUCZmGDFj > .tatsu-top-divider{z-index: 9999;}.tatsu-hUCZmGDFj .tatsu-section-overlay{background: rgba(0,0,0,0.4);mix-blend-mode: normal;}.tatsu-hUCZmGDFj .tatsu-custom-height-wrap{align-items: center;}<\/style><\/div><div  class=\"tatsu-6K7bqapA__ tatsu-section  tatsu-bg-overlay   tatsu-clearfix\" data-title=\"\"  data-headerscheme=\"background--dark\"><div class='tatsu-section-pad clearfix' data-padding='{\"d\":\"90px 0px 90px 0px\"}' data-padding-top='90px'><div class=\"tatsu-row-wrap  tatsu-wrap tatsu-row-one-col tatsu-row-has-one-cols tatsu-medium-gutter tatsu-reg-cols  tatsu-clearfix tatsu-da_lKF35eI\" ><div  class=\"tatsu-row \" ><div  class=\"tatsu-column  tatsu-bg-overlay tatsu-one-col tatsu-column-image-none tatsu-column-effect-none  tatsu-Me_rSTWQr\"  data-parallax-speed=\"0\" style=\"\"><div class=\"tatsu-column-inner \" ><div class=\"tatsu-column-pad-wrap\"><div class=\"tatsu-column-pad\" >                    <div  class = \"exp-module exp-blog tatsu-iZ9NIjq4p \" >\n                        <style>.tatsu-iZ9NIjq4p .exp-post-inner{border-width: 0px 0px 0px 0px;border-style: solid;}<\/style>                        <div class = \"exp-blog-inner\">\n                                    <div class=\"exp-posts-loop exp-posts-loop-style2 exp-posts-loop-align-center\">\n        <div class=\"exp-grid-wrap\">\n        <div class=\"be-grid be-cols-3 be-grid-with-margin\" data-cols = \"3\" data-gutter = \"40\" data-scroll-reveal = \"1\" data-layout = \"masonry\" data-aspect-ratio = \"1.95\" style = \"margin : 0px;padding : 0 20px;\">\n                                <article id=\"post-5839\" class=\"be-col post-5839 post type-post status-publish format-standard has-post-thumbnail hentry category-blog category-nutricion tag-calcular-deficit-calorico-para-bajar-de-peso tag-deficit-calorico-500-calorias tag-deficit-calorico-abdomen tag-deficit-calorico-abdominales tag-deficit-calorico-adecuado tag-deficit-calorico-adelgazar tag-deficit-calorico-agresivo tag-deficit-calorico-alimentos tag-deficit-calorico-antes-y-despues tag-deficit-calorico-app tag-deficit-calorico-articulos tag-deficit-calorico-ayuno-intermitente tag-deficit-calorico-bajar-de-peso tag-deficit-calorico-bajo tag-deficit-calorico-basal tag-deficit-calorico-beneficios tag-deficit-calorico-bueno tag-deficit-calorico-calcular tag-deficit-calorico-calculator tag-deficit-calorico-cansancio tag-deficit-calorico-comidas tag-deficit-calorico-como-hacerlo tag-deficit-calorico-con-ejercicio tag-deficit-calorico-consecuencias tag-deficit-calorico-cuantas-calorias tag-deficit-calorico-cuanto tag-deficit-calorico-de-1000-calorias tag-deficit-calorico-definicion tag-deficit-calorico-dieta tag-deficit-calorico-harris-benedict tag-deficit-calorico-ideal tag-deficit-calorico-para-bajar-1-kilo tag-deficit-calorico-para-bajar-panza tag-deficit-calorico-para-perder-barriga tag-deficit-calorico-pdf tag-deficit-calorico-recetas tag-deficit-calorico-significado tag-deficit-calorico-sintomas\" style = \"padding : 0 20px;margin-bottom : 40px;\">\n    <div class=\"exp-post-inner exp-post-shadow-none\">\n                    <div class=\"exp-post-thumb\" >\n                <div class=\"be-grid-placeholder\" style=\"padding-bottom : 51.282%\"><\/div>    <a href=\"https:\/\/www.gauldesign.com\/carbahealth\/el-unico-secreto-quema-grasa-el-deficit-calorico\/\" class=\"exp-post-thumb-inner\">\n                    <img width=\"768\" height=\"387\" src=\"https:\/\/www.gauldesign.com\/carbahealth\/wp-content\/uploads\/2021\/01\/DeficitCalorico-768x387.png\" class=\"exp-posts-loop-thumb exp-img-object-fit wp-post-image\" alt=\"\" loading=\"lazy\" srcset=\"https:\/\/www.gauldesign.com\/carbahealth\/wp-content\/uploads\/2021\/01\/DeficitCalorico-768x387.png 768w, https:\/\/www.gauldesign.com\/carbahealth\/wp-content\/uploads\/2021\/01\/DeficitCalorico-300x151.png 300w, https:\/\/www.gauldesign.com\/carbahealth\/wp-content\/uploads\/2021\/01\/DeficitCalorico-1024x516.png 1024w, https:\/\/www.gauldesign.com\/carbahealth\/wp-content\/uploads\/2021\/01\/DeficitCalorico-1160x585.png 1160w, https:\/\/www.gauldesign.com\/carbahealth\/wp-content\/uploads\/2021\/01\/DeficitCalorico-99x50.png 99w, https:\/\/www.gauldesign.com\/carbahealth\/wp-content\/uploads\/2021\/01\/DeficitCalorico-650x328.png 650w, https:\/\/www.gauldesign.com\/carbahealth\/wp-content\/uploads\/2021\/01\/DeficitCalorico-1000x504.png 1000w, https:\/\/www.gauldesign.com\/carbahealth\/wp-content\/uploads\/2021\/01\/DeficitCalorico-50x25.png 50w, https:\/\/www.gauldesign.com\/carbahealth\/wp-content\/uploads\/2021\/01\/DeficitCalorico.png 1287w\" sizes=\"(max-width: 768px) 100vw, 768px\" \/>            <\/a>\n        <\/div>\n            <div class=\"exp-post-details\" >\n            <div class=\"exp-post-details-inner\">\n                <div class=\"exp-post-title-meta\">\n        <div class=\"exp-post-primary-meta\">\n        <div class=\"exp-tax-list exp-post-categories exp-post-categories-labeled\"><a href =\"https:\/\/www.gauldesign.com\/carbahealth\/category\/blog\/\" class=\"exp-term exp-term-with-custom-color\" style = \"color : #ffffff;background : rgba(255,73,82,1);\" data-bg-color = \"rgba(255,73,82,1)\" data-color = \"#ffffff\">Blog<\/a><a href =\"https:\/\/www.gauldesign.com\/carbahealth\/category\/nutricion\/\" class=\"exp-term exp-term-with-custom-color\" style = \"color : #ffffff;background : rgba(255,73,82,1);\" data-bg-color = \"rgba(255,73,82,1)\" data-color = \"#ffffff\">Nutrici\u00f3n<\/a><\/div>        <\/div>\n    <h1  class=\"exp-post-title\">\n        <a href=\"https:\/\/www.gauldesign.com\/carbahealth\/el-unico-secreto-quema-grasa-el-deficit-calorico\/\">\n            El \u00fanico secreto quema grasa: el d\u00e9ficit cal\u00f3rico        <\/a>\n    <\/h1>\n        <div class=\"exp-post-secondary-meta\">\n            <a href=\"https:\/\/www.gauldesign.com\/carbahealth\/el-unico-secreto-quema-grasa-el-deficit-calorico\/\" class=\"exp-post-date\">\n                    enero 27, 2021            <\/a>    <\/div>\n<\/div>                                            <\/div>\n        <\/div>\n    <\/div>\n<\/article><article id=\"post-5615\" class=\"be-col post-5615 post type-post status-publish format-standard has-post-thumbnail hentry category-blog category-nutricion\" style = \"padding : 0 20px;margin-bottom : 40px;\">\n    <div class=\"exp-post-inner exp-post-shadow-none\">\n                    <div class=\"exp-post-thumb\" >\n                <div class=\"be-grid-placeholder\" style=\"padding-bottom : 51.282%\"><\/div>    <a href=\"https:\/\/www.gauldesign.com\/carbahealth\/mentalidad-y-motivacion-para-hacer-ejercicio-y-cambiar-tu-vida\/\" class=\"exp-post-thumb-inner\">\n                    <img width=\"768\" height=\"432\" src=\"https:\/\/www.gauldesign.com\/carbahealth\/wp-content\/uploads\/2020\/12\/BLOG-ENTRENASALUD.ES-4-768x432.png\" class=\"exp-posts-loop-thumb exp-img-object-fit wp-post-image\" alt=\"\" loading=\"lazy\" srcset=\"https:\/\/www.gauldesign.com\/carbahealth\/wp-content\/uploads\/2020\/12\/BLOG-ENTRENASALUD.ES-4-768x432.png 768w, https:\/\/www.gauldesign.com\/carbahealth\/wp-content\/uploads\/2020\/12\/BLOG-ENTRENASALUD.ES-4-300x169.png 300w, https:\/\/www.gauldesign.com\/carbahealth\/wp-content\/uploads\/2020\/12\/BLOG-ENTRENASALUD.ES-4-1024x576.png 1024w, https:\/\/www.gauldesign.com\/carbahealth\/wp-content\/uploads\/2020\/12\/BLOG-ENTRENASALUD.ES-4-1160x653.png 1160w, https:\/\/www.gauldesign.com\/carbahealth\/wp-content\/uploads\/2020\/12\/BLOG-ENTRENASALUD.ES-4-89x50.png 89w, https:\/\/www.gauldesign.com\/carbahealth\/wp-content\/uploads\/2020\/12\/BLOG-ENTRENASALUD.ES-4-650x366.png 650w, https:\/\/www.gauldesign.com\/carbahealth\/wp-content\/uploads\/2020\/12\/BLOG-ENTRENASALUD.ES-4-1000x563.png 1000w, https:\/\/www.gauldesign.com\/carbahealth\/wp-content\/uploads\/2020\/12\/BLOG-ENTRENASALUD.ES-4-50x28.png 50w, https:\/\/www.gauldesign.com\/carbahealth\/wp-content\/uploads\/2020\/12\/BLOG-ENTRENASALUD.ES-4.png 1440w\" sizes=\"(max-width: 768px) 100vw, 768px\" \/>            <\/a>\n        <\/div>\n            <div class=\"exp-post-details\" >\n            <div class=\"exp-post-details-inner\">\n                <div class=\"exp-post-title-meta\">\n        <div class=\"exp-post-primary-meta\">\n        <div class=\"exp-tax-list exp-post-categories exp-post-categories-labeled\"><a href =\"https:\/\/www.gauldesign.com\/carbahealth\/category\/blog\/\" class=\"exp-term exp-term-with-custom-color\" style = \"color : #ffffff;background : rgba(255,73,82,1);\" data-bg-color = \"rgba(255,73,82,1)\" data-color = \"#ffffff\">Blog<\/a><a href =\"https:\/\/www.gauldesign.com\/carbahealth\/category\/nutricion\/\" class=\"exp-term exp-term-with-custom-color\" style = \"color : #ffffff;background : rgba(255,73,82,1);\" data-bg-color = \"rgba(255,73,82,1)\" data-color = \"#ffffff\">Nutrici\u00f3n<\/a><\/div>        <\/div>\n    <h1  class=\"exp-post-title\">\n        <a href=\"https:\/\/www.gauldesign.com\/carbahealth\/mentalidad-y-motivacion-para-hacer-ejercicio-y-cambiar-tu-vida\/\">\n            Mentalidad y Motivaci\u00f3n para hacer ejercicio y cambiar tu vida        <\/a>\n    <\/h1>\n        <div class=\"exp-post-secondary-meta\">\n            <a href=\"https:\/\/www.gauldesign.com\/carbahealth\/mentalidad-y-motivacion-para-hacer-ejercicio-y-cambiar-tu-vida\/\" class=\"exp-post-date\">\n                    diciembre 8, 2020            <\/a>    <\/div>\n<\/div>                                            <\/div>\n        <\/div>\n    <\/div>\n<\/article><article id=\"post-4369\" class=\"be-col post-4369 post type-post status-publish format-standard has-post-thumbnail hentry category-blog category-nutricion tag-news tag-tech\" style = \"padding : 0 20px;margin-bottom : 40px;\">\n    <div class=\"exp-post-inner exp-post-shadow-none\">\n                    <div class=\"exp-post-thumb\" >\n                <div class=\"be-grid-placeholder\" style=\"padding-bottom : 51.282%\"><\/div>    <a href=\"https:\/\/www.gauldesign.com\/carbahealth\/by-2030-every-person-in-the-planet-will-have-a-smartphone\/\" class=\"exp-post-thumb-inner\">\n                    <img width=\"420\" height=\"280\" src=\"https:\/\/www.gauldesign.com\/carbahealth\/wp-content\/uploads\/2018\/08\/DIETA-420x280-1.jpg\" class=\"exp-posts-loop-thumb exp-img-object-fit wp-post-image\" alt=\"\" loading=\"lazy\" srcset=\"https:\/\/www.gauldesign.com\/carbahealth\/wp-content\/uploads\/2018\/08\/DIETA-420x280-1.jpg 420w, https:\/\/www.gauldesign.com\/carbahealth\/wp-content\/uploads\/2018\/08\/DIETA-420x280-1-300x200.jpg 300w, https:\/\/www.gauldesign.com\/carbahealth\/wp-content\/uploads\/2018\/08\/DIETA-420x280-1-75x50.jpg 75w, https:\/\/www.gauldesign.com\/carbahealth\/wp-content\/uploads\/2018\/08\/DIETA-420x280-1-50x33.jpg 50w\" sizes=\"(max-width: 420px) 100vw, 420px\" \/>            <\/a>\n        <\/div>\n            <div class=\"exp-post-details\" >\n            <div class=\"exp-post-details-inner\">\n                <div class=\"exp-post-title-meta\">\n        <div class=\"exp-post-primary-meta\">\n        <div class=\"exp-tax-list exp-post-categories exp-post-categories-labeled\"><a href =\"https:\/\/www.gauldesign.com\/carbahealth\/category\/blog\/\" class=\"exp-term exp-term-with-custom-color\" style = \"color : #ffffff;background : rgba(255,73,82,1);\" data-bg-color = \"rgba(255,73,82,1)\" data-color = \"#ffffff\">Blog<\/a><a href =\"https:\/\/www.gauldesign.com\/carbahealth\/category\/nutricion\/\" class=\"exp-term exp-term-with-custom-color\" style = \"color : #ffffff;background : rgba(255,73,82,1);\" data-bg-color = \"rgba(255,73,82,1)\" data-color = \"#ffffff\">Nutrici\u00f3n<\/a><\/div>        <\/div>\n    <h1  class=\"exp-post-title\">\n        <a href=\"https:\/\/www.gauldesign.com\/carbahealth\/by-2030-every-person-in-the-planet-will-have-a-smartphone\/\">\n            NUTRICI\u00d3N INTELIGENTE:        <\/a>\n    <\/h1>\n        <div class=\"exp-post-secondary-meta\">\n            <a href=\"https:\/\/www.gauldesign.com\/carbahealth\/by-2030-every-person-in-the-planet-will-have-a-smartphone\/\" class=\"exp-post-date\">\n                    agosto 1, 2018            <\/a>    <\/div>\n<\/div>                                            <\/div>\n        <\/div>\n    <\/div>\n<\/article>                                <\/div> <!-- End Row -->\n    <\/div> <!-- End Row Wrap -->\n    <\/div> <!-- End posts loop -->                        <\/div>\n                                                    <div class = \"exp-pagination-left exp-pagination\" style = \"padding : 0 40px;\"><\/div>                                            <\/div>\n                <\/div><\/div><div class = \"tatsu-column-bg-image-wrap\"><div class = \"tatsu-column-bg-image tatsu-bg-lazyload\" data-src = \"\"><\/div><\/div><div class=\"tatsu-overlay tatsu-column-overlay tatsu-animate-none\" ><\/div><\/div><style>.tatsu-row > .tatsu-Me_rSTWQr.tatsu-column{width: 100%;}.tatsu-Me_rSTWQr.tatsu-column > .tatsu-column-inner > .tatsu-column-overlay{mix-blend-mode: normal;}.tatsu-Me_rSTWQr > .tatsu-column-inner > .tatsu-top-divider{z-index: 9999;}.tatsu-Me_rSTWQr > .tatsu-column-inner > .tatsu-bottom-divider{z-index: 9999;}.tatsu-Me_rSTWQr > .tatsu-column-inner > .tatsu-left-divider{z-index: 9999;}.tatsu-Me_rSTWQr > .tatsu-column-inner > .tatsu-right-divider{z-index: 9999;}@media only screen and (max-width:1377px) {.tatsu-row > .tatsu-Me_rSTWQr.tatsu-column{width: 100%;}}@media only screen and (min-width:768px) and (max-width: 1024px) {.tatsu-row > .tatsu-Me_rSTWQr.tatsu-column{width: 100%;}}@media only screen and (max-width: 767px) {.tatsu-row > .tatsu-Me_rSTWQr.tatsu-column{width: 100%;}}<\/style><\/div><\/div><\/div><\/div><div class=\"tatsu-section-background-wrap\"><div class = \"tatsu-section-background tatsu-bg-lazyload\" data-src = \"\"><\/div><\/div><div class=\"tatsu-overlay tatsu-section-overlay\"><\/div><style>.tatsu-6K7bqapA__ .tatsu-section-pad{padding: 90px 0px 90px 0px;}.tatsu-6K7bqapA__ .tatsu-section-offset-wrap{transform: translateY(-0px);}.tatsu-6K7bqapA__ > .tatsu-bottom-divider{z-index: 9999;}.tatsu-6K7bqapA__ > .tatsu-top-divider{z-index: 9999;}.tatsu-6K7bqapA__ .tatsu-section-overlay{mix-blend-mode: normal;}<\/style><\/div>\n","protected":false},"excerpt":{"rendered":"<p><a href=\"https:\/\/www.gauldesign.com\/carbahealth\/by-2030-every-person-in-the-planet-will-have-a-smartphone\/\" class=\"exp-read-more exp-read-more-dots\">&#8230;<\/a><\/p>\n","protected":false},"author":1,"featured_media":5878,"parent":0,"menu_order":0,"comment_status":"closed","ping_status":"closed","template":"","meta":[],"yoast_head":"<!-- This site is optimized with the Yoast SEO Premium plugin v15.7 - https:\/\/yoast.com\/wordpress\/plugins\/seo\/ -->\n<title>Revista Digital - CarbaHealth<\/title>\n<meta name=\"description\" content=\"Somos una revista digital dirigida a brindarte los mejores consejos, rutinas y novedades en el mundo del Fitness. halterof\u00edlia, nutrici\u00f3n, psicolog\u00eda y medicina deportiva\" \/>\n<meta name=\"robots\" content=\"noindex, follow, max-snippet:-1, max-image-preview:large, max-video-preview:-1\" \/>\n<meta property=\"og:locale\" content=\"es_ES\" \/>\n<meta property=\"og:type\" content=\"article\" \/>\n<meta property=\"og:title\" content=\"Revista Digital - CarbaHealth\" \/>\n<meta property=\"og:description\" content=\"Somos una revista digital dirigida a brindarte los mejores consejos, rutinas y novedades en el mundo del Fitness. halterof\u00edlia, nutrici\u00f3n, psicolog\u00eda y medicina deportiva\" \/>\n<meta property=\"og:url\" content=\"https:\/\/www.gauldesign.com\/carbahealth\/blog\/\" \/>\n<meta property=\"og:site_name\" content=\"CarbaHealth\" \/>\n<meta property=\"article:modified_time\" content=\"2021-01-29T02:46:39+00:00\" \/>\n<meta property=\"og:image\" content=\"https:\/\/www.gauldesign.com\/carbahealth\/wp-content\/uploads\/2021\/01\/CarbaHealth_revistadigital.png\" \/>\n\t<meta property=\"og:image:width\" content=\"1281\" \/>\n\t<meta property=\"og:image:height\" content=\"649\" \/>\n<meta name=\"twitter:card\" content=\"summary_large_image\" \/>\n<meta name=\"twitter:label1\" content=\"Tiempo de lectura\">\n\t<meta name=\"twitter:data1\" content=\"6 minutos\">\n<script type=\"application\/ld+json\" class=\"yoast-schema-graph\">{\"@context\":\"https:\/\/schema.org\",\"@graph\":[{\"@type\":\"WebSite\",\"@id\":\"https:\/\/www.gauldesign.com\/carbahealth\/#website\",\"url\":\"https:\/\/www.gauldesign.com\/carbahealth\/\",\"name\":\"CarbaHealth\",\"description\":\"El secreto est&aacute; en ti\",\"potentialAction\":[{\"@type\":\"SearchAction\",\"target\":\"https:\/\/www.gauldesign.com\/carbahealth\/?s={search_term_string}\",\"query-input\":\"required name=search_term_string\"}],\"inLanguage\":\"es\"},{\"@type\":\"ImageObject\",\"@id\":\"https:\/\/www.gauldesign.com\/carbahealth\/blog\/#primaryimage\",\"inLanguage\":\"es\",\"url\":\"https:\/\/www.gauldesign.com\/carbahealth\/wp-content\/uploads\/2021\/01\/CarbaHealth_revistadigital.png\",\"width\":1281,\"height\":649},{\"@type\":\"WebPage\",\"@id\":\"https:\/\/www.gauldesign.com\/carbahealth\/blog\/#webpage\",\"url\":\"https:\/\/www.gauldesign.com\/carbahealth\/blog\/\",\"name\":\"Revista Digital - CarbaHealth\",\"isPartOf\":{\"@id\":\"https:\/\/www.gauldesign.com\/carbahealth\/#website\"},\"primaryImageOfPage\":{\"@id\":\"https:\/\/www.gauldesign.com\/carbahealth\/blog\/#primaryimage\"},\"datePublished\":\"2021-01-28T19:49:49+00:00\",\"dateModified\":\"2021-01-29T02:46:39+00:00\",\"description\":\"Somos una revista digital dirigida a brindarte los mejores consejos, rutinas y novedades en el mundo del Fitness. halterof\\u00edlia, nutrici\\u00f3n, psicolog\\u00eda y medicina deportiva\",\"inLanguage\":\"es\",\"potentialAction\":[{\"@type\":\"ReadAction\",\"target\":[\"https:\/\/www.gauldesign.com\/carbahealth\/blog\/\"]}]}]}<\/script>\n<!-- \/ Yoast SEO Premium plugin. -->","_links":{"self":[{"href":"https:\/\/www.gauldesign.com\/carbahealth\/wp-json\/wp\/v2\/pages\/5877"}],"collection":[{"href":"https:\/\/www.gauldesign.com\/carbahealth\/wp-json\/wp\/v2\/pages"}],"about":[{"href":"https:\/\/www.gauldesign.com\/carbahealth\/wp-json\/wp\/v2\/types\/page"}],"author":[{"embeddable":true,"href":"https:\/\/www.gauldesign.com\/carbahealth\/wp-json\/wp\/v2\/users\/1"}],"replies":[{"embeddable":true,"href":"https:\/\/www.gauldesign.com\/carbahealth\/wp-json\/wp\/v2\/comments?post=5877"}],"version-history":[{"count":0,"href":"https:\/\/www.gauldesign.com\/carbahealth\/wp-json\/wp\/v2\/pages\/5877\/revisions"}],"wp:featuredmedia":[{"embeddable":true,"href":"https:\/\/www.gauldesign.com\/carbahealth\/wp-json\/wp\/v2\/media\/5878"}],"wp:attachment":[{"href":"https:\/\/www.gauldesign.com\/carbahealth\/wp-json\/wp\/v2\/media?parent=5877"}],"curies":[{"name":"wp","href":"https:\/\/api.w.org\/{rel}","templated":true}]}}