{"id":5924,"date":"2021-02-05T18:29:00","date_gmt":"2021-02-05T18:29:00","guid":{"rendered":"https:\/\/www.gauldesign.com\/carbahealth\/?page_id=5924"},"modified":"2021-02-06T00:54:50","modified_gmt":"2021-02-06T00:54:50","slug":"aviso-de-privacidad","status":"publish","type":"page","link":"https:\/\/www.gauldesign.com\/carbahealth\/aviso-de-privacidad\/","title":{"rendered":"Aviso de Privacidad"},"content":{"rendered":"<p>[vc_row][vc_column][vc_empty_space height=&#8221;120&#8243;][vc_column_text]<\/p>\n<h1 style=\"text-align: center;\">Aviso de Privacidad<\/h1>\n<p>En cumplimiento a la Ley Federal de Protecci\u00f3n de Datos Personales en Posesi\u00f3n de los Particulares, CarbaHealth (en lo sucesivo &#8220;CARBAHEALTH&#8221;) le informa que &#8220;CARBAHEALTH&#8221; es responsable de sus datos personales. El &#8220;Usuario&#8221; podr\u00e1 contactar a &#8220;CARBAHEALTH&#8221; en cualquier momento a trav\u00e9s de nuestro correo electr\u00f3nico<br \/>\nsergio@www.gauldesign.com<\/p>\n<p>&#8220;CARBAHEALTH&#8221; Protege y salvaguarda sus datos personales para evitar el da\u00f1o, p\u00e9rdida, destrucci\u00f3n, robo, extrav\u00edo, alteraci\u00f3n, as\u00ed como el tratamiento no autorizado de sus datos personales.<\/p>\n<h2>DATOS PERSONALES<\/h2>\n<p>La informaci\u00f3n deber\u00e1 ser siempre veraz y completa. El usuario responder\u00e1 en todo momento por los datos proporcionados y en ning\u00fan caso &#8220;CARBAHEALTH&#8221; ser\u00e1 responsable de la veracidad de los mismos.<\/p>\n<p>&#8220;CARBAHEALTH&#8221;, recolectar\u00e1 y tratar\u00e1 los datos personales del titular, es decir, aquella informaci\u00f3n que puede identificarle de manera razonable, a trav\u00e9s de los siguientes ejemplos los cuales se enuncian de manera enunciativa m\u00e1s no limitativa:<\/p>\n<ol>\n<li>a) Informaci\u00f3n que Usted Nos Proporciona: Recibimos y almacenamos toda la informaci\u00f3n que usted introduce en nuestra p\u00e1gina Web o que nos facilita por cualquier otro medio. Puede elegir no proporcionar cierta informaci\u00f3n, sin embargo, si as\u00ed lo hace, no podr\u00e1 disfrutar de muchas de las funciones que le ofrecemos. La informaci\u00f3n que usted nos proporciona nos es \u00fatil para responder a sus peticiones, personalizar futuras compras que vaya a realizar, mejorar nuestras tiendas y ponernos en contacto con usted.<\/li>\n<li>b) Informaci\u00f3n Autom\u00e1tica: Recibimos y almacenamos ciertos tipos de informaci\u00f3n, cada vez que usted interact\u00faa con nosotros. Por ejemplo, al igual que hacen muchas otras p\u00e1ginas Web, utilizamos las &#8220;cookies&#8221; para recabar ciertos tipos de informaci\u00f3n cuando su navegador de Internet accede a https:\/\/www.gauldesign.com\/carbahealth<\/li>\n<li>c) M\u00f3vil: Cuando usted descarga o usa aplicaciones creadas por &#8220;CARBAHEALTH&#8221; o por nuestras subsidiarias, podremos recibir informaci\u00f3n sobre su localizaci\u00f3n y sobre su dispositivo m\u00f3vil, incluyendo un identificador \u00fanico del mismo. Podremos utilizar dicha informaci\u00f3n para proporcionarle servicios basados en su localizaci\u00f3n, por ejemplo, resultados de b\u00fasqueda y otro contenido personalizado.<\/li>\n<li>d) Comunicaciones v\u00eda Correo Electr\u00f3nico: Para ayudarnos a que los correos electr\u00f3nicos que le enviamos sean m\u00e1s \u00fatiles e interesantes, habitualmente recibimos una confirmaci\u00f3n, en el caso de que su computadora soporte este tipo de tareas, cuando usted abre un correo electr\u00f3nico enviado por &#8220;CARBAHEALTH&#8221;. Adem\u00e1s, en un esfuerzo por evitar enviar mensajes innecesarios a nuestros clientes, comparamos nuestras listas de clientes con las que recibimos de otras compa\u00f1\u00edas. Si no desea recibir m\u00e1s correos electr\u00f3nicos u otras notificaciones por parte nosotros, le rogamos ajuste sus Preferencias de Notificaci\u00f3n del Cliente.<\/li>\n<li>e) Informaci\u00f3n Recabada de Otras Fuentes: Es posible que recibamos informaci\u00f3n de usted de otras fuentes, y la a\u00f1adamos a nuestra informaci\u00f3n de su cuenta.<\/li>\n<\/ol>\n<p>Sus datos personales ser\u00e1n tratados bajo los principios de licitud, consentimiento, informaci\u00f3n, calidad, finalidad, lealtad, proporcionalidad y responsabilidad en t\u00e9rminos de la legislaci\u00f3n aplicable. Se mantendr\u00e1 la confidencialidad de sus datos personales estableciendo y manteniendo de forma efectiva las medidas de seguridad administrativas, t\u00e9cnicas y f\u00edsicas, para evitar su da\u00f1o, p\u00e9rdida, alteraci\u00f3n, destrucci\u00f3n, uso, acceso o divulgaci\u00f3n indebida.<\/p>\n<h2>TRANSFERENCIA DE DATOS<\/h2>\n<p>El titular de los datos personales autoriza a &#8220;CARBAHEALTH&#8221;, a transferir los datos proporcionados por \u00e9l a terceros (ya sea persona f\u00edsica o moral), que con motivo de la relaci\u00f3n comercial con &#8220;CARBAHEALTH&#8221; lo requieran para entero cumplimiento del negocio. El titular de los datos personales entiende y acepta que en ning\u00fan momento se podr\u00e1n transferir datos sensibles ni patrimoniales. En el caso de no estar de acuerdo con la transmisi\u00f3n aqu\u00ed mencionada, el titular deber\u00e1 ponerse en contacto al correo electr\u00f3nico sergio@www.gauldesign.com \u00a0en un plazo no mayor a 5 (cinco) d\u00edas h\u00e1biles a partir de la publicaci\u00f3n del presente aviso ya que de lo contrario y transcurrido dicho t\u00e9rmino, acepta y autoriza a &#8220;CARBAHEALTH&#8221; a la transferencia de los mismos.<\/p>\n<p>III. QU\u00c9 SON LOS COOKIES Y C\u00d3MO SE UTILIZAN<\/p>\n<p>La aceptaci\u00f3n de las cookies no es un requisito para visitar nuestra p\u00e1gina. Sin embargo, nos gustar\u00eda se\u00f1alar ciertas funcionalidades solo es posible con la activaci\u00f3n de las cookies. Las cookies son peque\u00f1os archivos de texto que identifican a tu computadora con nuestro servidor como un usuario \u00fanico cuando t\u00fa visitas ciertas p\u00e1ginas en nuestro sitio y que son guardados por tu navegador de internet en el disco duro de tu computadora. CARBAHEALTH solo utilizar\u00e1 las Cookies con motivos estad\u00edsticos y en ning\u00fan momento utilizar\u00e1 las Cookies para identificar personalmente la actividad de los Usuarios que utilicen los servicios del sitio.<\/p>\n<h2>USO DE LA INFORMACI\u00d3N<\/h2>\n<p>La informaci\u00f3n solicitada permite a &#8220;CARBAHEALTH&#8221; contactar a los usuarios y potenciales clientes cuando sea necesario para completar los procedimientos de compra. Asimismo, &#8220;CARBAHEALTH&#8221; utilizar\u00e1 la informaci\u00f3n obtenida para:<\/p>\n<ol>\n<li>Procurar un servicio eficiente.<br \/>\n2. Informar sobre nuevos productos o servicios que est\u00e9n relacionados con el contratado o adquirido por el cliente.<br \/>\n3. Dar cumplimiento a obligaciones contra\u00eddas con nuestros clientes.<br \/>\n4. Informar sobre cambios de nuestros productos o servicios.<br \/>\n5. Proveer una mejor atenci\u00f3n al usuario.<\/li>\n<\/ol>\n<p>Los datos personales o empresariales proporcionados por el usuario formar\u00e1n parte de un archivo que contendr\u00e1 su perfil. El usuario puede modificar su perfil en cualquier momento utilizando su n\u00famero de usuario y contrase\u00f1a.<\/p>\n<h2>LIMITACI\u00d3N DE USO Y DIVULGACI\u00d3N DE INFORMACI\u00d3N<\/h2>\n<p>En nuestro programa de notificaci\u00f3n de promociones, ofertas y servicios a trav\u00e9s de correo electr\u00f3nico, solo &#8220;CARBAHEALTH&#8221; tiene acceso a la informaci\u00f3n recabada. Este tipo de publicidad se realiza mediante avisos y mensajes promocionales de correo electr\u00f3nico, los cuales solo ser\u00e1n enviados a usted y a aquellos contactos registrados para tal prop\u00f3sito, esta indicaci\u00f3n podr\u00e1 usted modificarla en cualquier momento enviando un correo a <a href=\"https:\/\/www.gauldesign.com\/carbahealth\/\">sergio@www.gauldesign.com<\/a>. En los correos electr\u00f3nicos enviados, pueden incluirse ocasionalmente ofertas de terceras partes que sean nuestros socios comerciales.<\/p>\n<h2>DERECHOS ARCO Y REVOCACI\u00d3N DEL CONSENTIMIENTO OTORGADO<\/h2>\n<p>Como titular de datos personales, el &#8220;Usuario&#8221; podr\u00e1 ejercitar los derechos ARCO (acceso, cancelaci\u00f3n, rectificaci\u00f3n y oposici\u00f3n al tratamiento de sus datos personales), o bien, revocar el consentimiento que haya otorgado a &#8220;CARBAHEALTH&#8221;, para el tratamiento de sus datos personales, enviando directamente su solicitud a trav\u00e9s de la cuenta de correo electr\u00f3nico: privacidad@nutrialevera.com Dicha solicitud deber\u00e1 contener por lo menos: (a) nombre y domicilio u otro medio para comunicarle la respuesta a su solicitud; (b) los documentos que acrediten su identidad o, en su caso, la representaci\u00f3n legal; (c) la descripci\u00f3n clara y precisa de los datos personales respecto de los que se solicita ejercer alguno de los derechos ARCO, (d) la manifestaci\u00f3n expresa para revocar su consentimiento al tratamiento de sus datos personales y por tanto, para que no se usen; (d) cualquier otro elemento que facilite la localizaci\u00f3n de los datos personales. Su petici\u00f3n deber\u00e1 ir acompa\u00f1ada de los fundamentos por los que solicita dicha revocaci\u00f3n y una identificaci\u00f3n oficial del titular de los datos o de su apoderado. En un plazo m\u00e1ximo de 20 (veinte) d\u00edas h\u00e1biles atenderemos su solicitud y le informaremos sobre la procedencia de la misma a trav\u00e9s del correo electr\u00f3nico del que provenga la petici\u00f3n.<\/p>\n<h2>VII. TRANSFERENCIAS DE INFORMACI\u00d3N POR SOLICITUD JUDICIAL<\/h2>\n<p>&#8220;CARBAHEALTH&#8221; \u00fanicamente realiza remisiones de datos para cumplir con las obligaciones contra\u00eddas con los clientes. &#8220;CARBAHEALTH&#8221; solo compartir\u00e1 datos cuando dicha solicitud provenga de una orden judicial emitida por autoridad competente.<\/p>\n<h2>VIII. PROTECCI\u00d3N<\/h2>\n<p>Al momento de comprar un producto en l\u00ednea, se pedir\u00e1n datos bancarios para los cuales le ofrecemos seguridad y confidencialidad; contamos con un servidor seguro bajo el protocolo SSL de tal menara que la informaci\u00f3n que env\u00edan se transmite encriptada para asegurar su protecci\u00f3n. Para verificar que se encuentra en un entorno protegido, aseg\u00farese de que aparezca un candado en la barra de navegaci\u00f3n https:\/\/www.gauldesign.com\/carbahealth tomara todas las medidas de seguridad razonables, incluyendo medidas f\u00edsicas, electr\u00f3nicas y administrativas para salvaguardar en todo momento la informaci\u00f3n del Usuario y prevenir el acceso y uso no autorizado de la misma.<\/p>\n<h2>CAMBIOS EN EL AVISO DE PRIVACIDAD<\/h2>\n<p>Nos reservamos el derecho de efectuar en cualquier momento modificaciones o actualizaciones al presente aviso de privacidad, para la atenci\u00f3n de novedades legislativas o jurisprudenciales, pol\u00edticas internas, nuevos requerimientos para la prestaci\u00f3n u ofrecimiento de nuestros servicios o productos y pr\u00e1cticas del mercado. Estas modificaciones estar\u00e1n disponibles al p\u00fablico a trav\u00e9s de nuestra p\u00e1gina de Internet https:\/\/www.gauldesign.com\/carbahealth, en la secci\u00f3n de aviso de privacidad.<\/p>\n<h2>ACEPTACI\u00d3N DE LOS T\u00c9RMINOS<\/h2>\n<p>Esta declaraci\u00f3n de Privacidad est\u00e1 sujeta a los t\u00e9rminos y condiciones del sitio web de &#8220;CARBAHEALTH&#8221; antes descrito, lo cual constituye un acuerdo legal entre el usuario y &#8220;CARBAHEALTH&#8221;. Si el usuario utiliza los servicios del sitio de &#8220;CARBAHEALTH&#8221;, significa que ha le\u00eddo, entendido y acordado los t\u00e9rminos antes expuestos.<\/p>\n<h2>AUTORIDAD<\/h2>\n<p>Si el usuario\/cliente considera que han sido vulnerados sus derechos respecto de la protecci\u00f3n de datos personales, tiene el derecho de acudir a la autoridad correspondiente para defender su ejercicio. La autoridad es el Instituto Nacional de Transparencia, Acceso a la Informaci\u00f3n y Protecci\u00f3n de Datos (INAI), su sitio web es: www.ifai.mx.[\/vc_column_text][\/vc_column][\/vc_row]<\/p>\n","protected":false},"excerpt":{"rendered":"<p>[vc_row][vc_column][vc_empty_space height=&#8221;120&#8243;][vc_column_text] Aviso de Privacidad En cumplimiento a la Ley Federal de Protecci\u00f3n de Datos Personales en Posesi\u00f3n de los Particulares, CarbaHealth (en lo sucesivo &#8220;CARBAHEALTH&#8221;) le informa que &#8220;CARBAHEALTH&#8221;<a href=\"https:\/\/www.gauldesign.com\/carbahealth\/aviso-de-privacidad\/\" class=\"exp-read-more exp-read-more-dots\">&#8230;<\/a><\/p>\n","protected":false},"author":1,"featured_media":5925,"parent":0,"menu_order":0,"comment_status":"closed","ping_status":"closed","template":"","meta":[],"yoast_head":"<!-- This site is optimized with the Yoast SEO Premium plugin v15.7 - https:\/\/yoast.com\/wordpress\/plugins\/seo\/ -->\n<title>Aviso de Privacidad - CarbaHealth<\/title>\n<meta name=\"description\" content=\"En cumplimiento a la Ley Federal de Protecci\u00f3n de Datos Personales en Posesi\u00f3n de los Particulares, CarbaHealth (en lo sucesivo &quot;CARBAHEALTH&quot;) le informa que &quot;CARBAHEALTH&quot; es responsable de sus datos personales. El &quot;Usuario&quot; podr\u00e1 contactar a &quot;CARBAHEALTH&quot; en cualquier momento a trav\u00e9s de nuestro correo electr\u00f3nicosergio@www.gauldesign.com\" \/>\n<meta name=\"robots\" content=\"noindex, follow, max-snippet:-1, max-image-preview:large, max-video-preview:-1\" \/>\n<meta property=\"og:locale\" content=\"es_ES\" \/>\n<meta property=\"og:type\" content=\"article\" \/>\n<meta property=\"og:title\" content=\"Aviso de Privacidad - CarbaHealth\" \/>\n<meta property=\"og:description\" content=\"En cumplimiento a la Ley Federal de Protecci\u00f3n de Datos Personales en Posesi\u00f3n de los Particulares, CarbaHealth (en lo sucesivo &quot;CARBAHEALTH&quot;) le informa que &quot;CARBAHEALTH&quot; es responsable de sus datos personales. El &quot;Usuario&quot; podr\u00e1 contactar a &quot;CARBAHEALTH&quot; en cualquier momento a trav\u00e9s de nuestro correo electr\u00f3nicosergio@www.gauldesign.com\" \/>\n<meta property=\"og:url\" content=\"https:\/\/www.gauldesign.com\/carbahealth\/aviso-de-privacidad\/\" \/>\n<meta property=\"og:site_name\" content=\"CarbaHealth\" \/>\n<meta property=\"article:modified_time\" content=\"2021-02-06T00:54:50+00:00\" \/>\n<meta property=\"og:image\" content=\"https:\/\/www.gauldesign.com\/carbahealth\/wp-content\/uploads\/2021\/02\/AvisodePrivacidad.png\" \/>\n\t<meta property=\"og:image:width\" content=\"1287\" \/>\n\t<meta property=\"og:image:height\" content=\"648\" \/>\n<meta name=\"twitter:card\" content=\"summary_large_image\" \/>\n<meta name=\"twitter:label1\" content=\"Tiempo de lectura\">\n\t<meta name=\"twitter:data1\" content=\"8 minutos\">\n<script type=\"application\/ld+json\" class=\"yoast-schema-graph\">{\"@context\":\"https:\/\/schema.org\",\"@graph\":[{\"@type\":\"WebSite\",\"@id\":\"https:\/\/www.gauldesign.com\/carbahealth\/#website\",\"url\":\"https:\/\/www.gauldesign.com\/carbahealth\/\",\"name\":\"CarbaHealth\",\"description\":\"El secreto est&aacute; en ti\",\"potentialAction\":[{\"@type\":\"SearchAction\",\"target\":\"https:\/\/www.gauldesign.com\/carbahealth\/?s={search_term_string}\",\"query-input\":\"required name=search_term_string\"}],\"inLanguage\":\"es\"},{\"@type\":\"ImageObject\",\"@id\":\"https:\/\/www.gauldesign.com\/carbahealth\/aviso-de-privacidad\/#primaryimage\",\"inLanguage\":\"es\",\"url\":\"https:\/\/www.gauldesign.com\/carbahealth\/wp-content\/uploads\/2021\/02\/AvisodePrivacidad.png\",\"width\":1287,\"height\":648},{\"@type\":\"WebPage\",\"@id\":\"https:\/\/www.gauldesign.com\/carbahealth\/aviso-de-privacidad\/#webpage\",\"url\":\"https:\/\/www.gauldesign.com\/carbahealth\/aviso-de-privacidad\/\",\"name\":\"Aviso de Privacidad - CarbaHealth\",\"isPartOf\":{\"@id\":\"https:\/\/www.gauldesign.com\/carbahealth\/#website\"},\"primaryImageOfPage\":{\"@id\":\"https:\/\/www.gauldesign.com\/carbahealth\/aviso-de-privacidad\/#primaryimage\"},\"datePublished\":\"2021-02-05T18:29:00+00:00\",\"dateModified\":\"2021-02-06T00:54:50+00:00\",\"description\":\"En cumplimiento a la Ley Federal de Protecci\\u00f3n de Datos Personales en Posesi\\u00f3n de los Particulares, CarbaHealth (en lo sucesivo \\\"CARBAHEALTH\\\") le informa que \\\"CARBAHEALTH\\\" es responsable de sus datos personales. El \\\"Usuario\\\" podr\\u00e1 contactar a \\\"CARBAHEALTH\\\" en cualquier momento a trav\\u00e9s de nuestro correo electr\\u00f3nicosergio@www.gauldesign.com\",\"inLanguage\":\"es\",\"potentialAction\":[{\"@type\":\"ReadAction\",\"target\":[\"https:\/\/www.gauldesign.com\/carbahealth\/aviso-de-privacidad\/\"]}]}]}<\/script>\n<!-- \/ Yoast SEO Premium plugin. -->","_links":{"self":[{"href":"https:\/\/www.gauldesign.com\/carbahealth\/wp-json\/wp\/v2\/pages\/5924"}],"collection":[{"href":"https:\/\/www.gauldesign.com\/carbahealth\/wp-json\/wp\/v2\/pages"}],"about":[{"href":"https:\/\/www.gauldesign.com\/carbahealth\/wp-json\/wp\/v2\/types\/page"}],"author":[{"embeddable":true,"href":"https:\/\/www.gauldesign.com\/carbahealth\/wp-json\/wp\/v2\/users\/1"}],"replies":[{"embeddable":true,"href":"https:\/\/www.gauldesign.com\/carbahealth\/wp-json\/wp\/v2\/comments?post=5924"}],"version-history":[{"count":0,"href":"https:\/\/www.gauldesign.com\/carbahealth\/wp-json\/wp\/v2\/pages\/5924\/revisions"}],"wp:featuredmedia":[{"embeddable":true,"href":"https:\/\/www.gauldesign.com\/carbahealth\/wp-json\/wp\/v2\/media\/5925"}],"wp:attachment":[{"href":"https:\/\/www.gauldesign.com\/carbahealth\/wp-json\/wp\/v2\/media?parent=5924"}],"curies":[{"name":"wp","href":"https:\/\/api.w.org\/{rel}","templated":true}]}}